



{"id":12,"date":"2014-08-05T13:09:26","date_gmt":"2014-08-05T04:09:26","guid":{"rendered":"http:\/\/kanegawa-trade.co.jp\/?page_id=12"},"modified":"2017-02-18T16:40:04","modified_gmt":"2017-02-18T07:40:04","slug":"%e3%81%8a%e5%95%8f%e3%81%84%e5%90%88%e3%82%8f%e3%81%9b","status":"publish","type":"page","link":"http:\/\/kanegawa-trade.co.jp\/?page_id=12","title":{"rendered":"\u304a\u554f\u3044\u5408\u308f\u305b"},"content":{"rendered":"<div role=\"form\" class=\"wpcf7\" id=\"wpcf7-f29-o1\" lang=\"ja\" dir=\"ltr\">\n<div class=\"screen-reader-response\"><\/div>\n<form action=\"\/index.php?rest_route=%2Fwp%2Fv2%2Fpages%2F12#wpcf7-f29-o1\" method=\"post\" class=\"wpcf7-form\" novalidate=\"novalidate\">\n<div style=\"display: none;\">\n<input type=\"hidden\" name=\"_wpcf7\" value=\"29\" \/>\n<input type=\"hidden\" name=\"_wpcf7_version\" value=\"4.4.2\" \/>\n<input type=\"hidden\" name=\"_wpcf7_locale\" value=\"ja\" \/>\n<input type=\"hidden\" name=\"_wpcf7_unit_tag\" value=\"wpcf7-f29-o1\" \/>\n<input type=\"hidden\" name=\"_wpnonce\" value=\"a727ada482\" \/>\n<\/div>\n<p class=\"c2\"><span class=\"m-alert\">\u5fc5\u9808<\/span>\u4f1a\u793e\u540d<br \/>\n    <span class=\"wpcf7-form-control-wrap your-company\"><input type=\"text\" name=\"your-company\" value=\"\" size=\"40\" class=\"wpcf7-form-control wpcf7-text wpcf7-validates-as-required\" aria-required=\"true\" aria-invalid=\"false\" placeholder=\"\u4f8b\uff1a\u682a\u5f0f\u4f1a\u793e\u25cb\u25cb\" \/><\/span> <\/p>\n<p class=\"c1\"><span class=\"m-alert\">\u5fc5\u9808<\/span>\u62c5\u5f53\u8005\u540d<br \/>\n    <span class=\"wpcf7-form-control-wrap your-name\"><input type=\"text\" name=\"your-name\" value=\"\" size=\"40\" class=\"wpcf7-form-control wpcf7-text wpcf7-validates-as-required\" aria-required=\"true\" aria-invalid=\"false\" placeholder=\"\u4f8b\uff1a\u5c71\u7530\u3000\u592a\u90ce\" \/><\/span> <\/p>\n<p class=\"c2\"><span class=\"m-alert\">\u5fc5\u9808<\/span>\u30d5\u30ea\u30ac\u30ca<br \/>\n    <span class=\"wpcf7-form-control-wrap your-name2\"><input type=\"text\" name=\"your-name2\" value=\"\" size=\"40\" class=\"wpcf7-form-control wpcf7-text wpcf7-validates-as-required\" aria-required=\"true\" aria-invalid=\"false\" placeholder=\"\u4f8b\uff1a\u30e4\u30de\u30c0\u3000\u30bf\u30ed\u30a6\" \/><\/span> <\/p>\n<p class=\"c1\">\u6240\u5c5e\u90e8\u7f72<br \/>\n <span class=\"wpcf7-form-control-wrap busyo\"><input type=\"text\" name=\"busyo\" value=\"\" size=\"40\" class=\"wpcf7-form-control wpcf7-text\" aria-invalid=\"false\" placeholder=\"\u4f8b\uff1a\u55b6\u696d\u90e8\" \/><\/span> <\/p>\n<p class=\"c2\">\u90f5\u4fbf\u756a\u53f7<br \/>\n    <span class=\"wpcf7-form-control-wrap yubin\"><input type=\"text\" name=\"yubin\" value=\"\" size=\"40\" class=\"wpcf7-form-control wpcf7-text\" aria-invalid=\"false\" placeholder=\"\u4f8b\uff1a111-1111\" \/><\/span> <\/p>\n<p class=\"c1\"><span class=\"m-alert\">\u5fc5\u9808<\/span>\u4f4f\u6240<br \/>\n    <span class=\"wpcf7-form-control-wrap address\"><input type=\"text\" name=\"address\" value=\"\" size=\"40\" class=\"wpcf7-form-control wpcf7-text wpcf7-validates-as-required\" aria-required=\"true\" aria-invalid=\"false\" placeholder=\"\u4f8b\uff1a\u6771\u4eac\u90fd\u6e0b\u8c37\u533a\u6e0b\u8c37\u25cb\u25cb\" \/><\/span>\n<\/p>\n<p class=\"c2\"><span class=\"m-alert\">\u5fc5\u9808<\/span>\u96fb\u8a71\u756a\u53f7<br \/>\n    <span class=\"wpcf7-form-control-wrap your-tel\"><input type=\"tel\" name=\"your-tel\" value=\"\" size=\"40\" class=\"wpcf7-form-control wpcf7-text wpcf7-tel wpcf7-validates-as-required wpcf7-validates-as-tel\" aria-required=\"true\" aria-invalid=\"false\" placeholder=\"\u4f8b\uff1a\u5c71\u7530\u3000\u592a\u90ce\" \/><\/span> <\/p>\n<p class=\"c1\"><span class=\"m-alert\">\u5fc5\u9808<\/span>\u30e1\u30fc\u30eb\u30a2\u30c9\u30ec\u30b9 <br \/>\n    <span class=\"wpcf7-form-control-wrap your-email\"><input type=\"email\" name=\"your-email\" value=\"\" size=\"40\" class=\"wpcf7-form-control wpcf7-text wpcf7-email wpcf7-validates-as-required wpcf7-validates-as-email\" aria-required=\"true\" aria-invalid=\"false\" placeholder=\"\u4f8b\uff1a\u00d7\u00d7\u00d7@\u00d7\u00d7\u00d7.com\" \/><\/span> <\/p>\n<p class=\"c2\"><span class=\"m-alert\">\u5fc5\u9808<\/span>\u30e1\u30fc\u30eb\u30a2\u30c9\u30ec\u30b9\u78ba\u8a8d\u7528 <br \/>\n    <span class=\"wpcf7-form-control-wrap your-email_confirm\"><input type=\"email\" name=\"your-email_confirm\" value=\"\" size=\"40\" class=\"wpcf7-form-control wpcf7-text wpcf7-email wpcf7-validates-as-required wpcf7-validates-as-email\" aria-required=\"true\" aria-invalid=\"false\" placeholder=\"\u4f8b\uff1a\u00d7\u00d7\u00d7@\u00d7\u00d7\u00d7.com\" \/><\/span> <\/p>\n<p class=\"c1 last\"><span class=\"m-alert\">\u5fc5\u9808<\/span>\u304a\u554f\u3044\u5408\u308f\u305b\u5185\u5bb9<br \/>\n    <span class=\"wpcf7-form-control-wrap your-message\"><textarea name=\"your-message\" cols=\"40\" rows=\"10\" class=\"wpcf7-form-control wpcf7-textarea wpcf7-validates-as-required\" aria-required=\"true\" aria-invalid=\"false\"><\/textarea><\/span> <\/p>\n<p id=\"contactbutton\"><input type=\"submit\" value=\"\u9001\u4fe1\" class=\"wpcf7-form-control wpcf7-submit\" \/><\/p>\n<p style=\"display: none !important;\"><label>&#916;<textarea name=\"_wpcf7_ak_hp_textarea\" cols=\"45\" rows=\"8\" maxlength=\"100\"><\/textarea><\/label><input type=\"hidden\" id=\"ak_js_1\" name=\"_wpcf7_ak_js\" value=\"88\"\/><script>document.getElementById( \"ak_js_1\" ).setAttribute( \"value\", ( new Date() ).getTime() );<\/script><\/p><div class=\"wpcf7-response-output wpcf7-display-none\"><\/div><\/form><\/div>","protected":false},"excerpt":{"rendered":"[:ja] \u5fc5\u9808\u4f1a\u793e\u540d \u5fc5\u9808\u62c5\u5f53\u8005\u540d \u5fc5\u9808\u30d5\u30ea\u30ac\u30ca \u6240\u5c5e\u90e8\u7f72 \u90f5\u4fbf\u756a\u53f7 \u5fc5\u9808\u4f4f\u6240 \u5fc5\u9808\u96fb\u8a71\u756a\u53f7 \u5fc5\u9808\u30e1\u30fc\u30eb\u30a2\u30c9\u30ec\u30b9 \u5fc5\u9808\u30e1\u30fc\u30eb\u30a2\u30c9\u30ec\u30b9\u78ba\u8a8d\u7528 \u5fc5\u9808\u304a\u554f\u3044\u5408\u308f\u305b\u5185\u5bb9 &#916;document.getElementByI [&hellip;]","protected":false},"author":2,"featured_media":0,"parent":0,"menu_order":5,"comment_status":"open","ping_status":"open","template":"","meta":[],"_links":{"self":[{"href":"http:\/\/kanegawa-trade.co.jp\/index.php?rest_route=\/wp\/v2\/pages\/12"}],"collection":[{"href":"http:\/\/kanegawa-trade.co.jp\/index.php?rest_route=\/wp\/v2\/pages"}],"about":[{"href":"http:\/\/kanegawa-trade.co.jp\/index.php?rest_route=\/wp\/v2\/types\/page"}],"author":[{"embeddable":true,"href":"http:\/\/kanegawa-trade.co.jp\/index.php?rest_route=\/wp\/v2\/users\/2"}],"replies":[{"embeddable":true,"href":"http:\/\/kanegawa-trade.co.jp\/index.php?rest_route=%2Fwp%2Fv2%2Fcomments&post=12"}],"version-history":[{"count":6,"href":"http:\/\/kanegawa-trade.co.jp\/index.php?rest_route=\/wp\/v2\/pages\/12\/revisions"}],"predecessor-version":[{"id":814,"href":"http:\/\/kanegawa-trade.co.jp\/index.php?rest_route=\/wp\/v2\/pages\/12\/revisions\/814"}],"wp:attachment":[{"href":"http:\/\/kanegawa-trade.co.jp\/index.php?rest_route=%2Fwp%2Fv2%2Fmedia&parent=12"}],"curies":[{"name":"wp","href":"https:\/\/api.w.org\/{rel}","templated":true}]}}